{"id":29,"date":"2024-12-24T04:18:33","date_gmt":"2024-12-24T04:18:33","guid":{"rendered":"https:\/\/reactheme.com\/products\/wordpress\/ucam\/?page_id=29"},"modified":"2025-04-22T16:18:16","modified_gmt":"2025-04-22T16:18:16","slug":"blog","status":"publish","type":"page","link":"https:\/\/canagard.com\/fr\/blog\/","title":{"rendered":"Blog"},"content":{"rendered":"<div data-elementor-type=\"wp-page\" data-elementor-id=\"29\" class=\"elementor elementor-29\">\n\t\t\t\t<div class=\"elementor-element elementor-element-75c4854 e-con-full e-flex rt-default-class e-con e-parent\" data-id=\"75c4854\" data-element_type=\"container\" data-settings=\"{&quot;background_background&quot;:&quot;classic&quot;}\">\n\t\t<div class=\"elementor-element elementor-element-c297441 e-con-full e-flex rt-default-class e-con e-child\" data-id=\"c297441\" data-element_type=\"container\" data-settings=\"{&quot;position&quot;:&quot;absolute&quot;,&quot;background_background&quot;:&quot;classic&quot;}\">\n\t\t\t\t<div class=\"elementor-element elementor-element-6210443 elementor-widget elementor-widget-react-heading\" data-id=\"6210443\" data-element_type=\"widget\" data-widget_type=\"react-heading.default\">\n\t\t\t\t<div class=\"elementor-widget-container\">\n\t\t\t\t\t\r\n\t\t<div class=\"animation-wow fadeInUp react-heading\">\r\n     <div class=\"rts__section__inner\">\r\n     <span class=\"rts__section__subtitle wow fadeInUp blink\">Restez inform\u00e9<\/span><div class=\"wow fadeInUp\">\r\n\t\t<h1 class=\"rts__section__title\">Notre blog<\/h1>\r\n\t\t<\/div>     <\/div>\r\n     \r\n     \t\r\n<\/div>\t\t\t\t<\/div>\n\t\t\t\t<\/div>\n\t\t<div class=\"elementor-element elementor-element-2fe91f1 e-con-full e-flex rt-default-class e-con e-child\" data-id=\"2fe91f1\" data-element_type=\"container\" data-settings=\"{&quot;position&quot;:&quot;absolute&quot;}\">\n\t\t\t\t<div class=\"elementor-element elementor-element-8827fd8 content-align-center elementor-widget elementor-widget-rtbreadrumb\" data-id=\"8827fd8\" data-element_type=\"widget\" data-widget_type=\"rtbreadrumb.default\">\n\t\t\t\t<div class=\"elementor-widget-container\">\n\t\t\t\t\t    <div class=\"reactheme-breadcrumb\">\n        <div class=\"breadcrumb-inner container\">\n            <div class=\"breadcrumb-path\">\n                <a href=\"https:\/\/canagard.com\/fr\/\">Acceuil<\/a>            <\/div>\n        <\/div>\n    <\/div>\n    \t\t\t\t<\/div>\n\t\t\t\t<\/div>\n\t\t\t\t<\/div>\n\t\t\t\t<\/div>\n\t\t\t\t<\/div>\n\t\t<div class=\"elementor-element elementor-element-58e1788 e-flex e-con-boxed rt-default-class e-con e-parent\" data-id=\"58e1788\" data-element_type=\"container\" data-settings=\"{&quot;background_background&quot;:&quot;classic&quot;}\">\n\t\t\t\t\t<div class=\"e-con-inner\">\n\t\t\t\t<div class=\"elementor-element elementor-element-41e9da5 elementor-widget elementor-widget-react-blog\" data-id=\"41e9da5\" data-element_type=\"widget\" data-widget_type=\"react-blog.default\">\n\t\t\t\t<div class=\"elementor-widget-container\">\n\t\t\t\t\t\r\n\t\t<div class=\"reactheme-blog-grid2x reactheme-blog-grid blog--style2\">          \r\n            <div class=\"row blog-grid-item\">\r\n\t\t\t \t<!-- news item begin -->\r\n <div class=\"col-lg-12\">\r\n     <div class=\"rts__border__bottom blog__full__width\">\r\n         <div class=\"row gy-3 gx-5 align-items-center\">\r\n             <!-- Blog Metadata and Title -->\r\n             <div class=\"col-lg-4\">\r\n                 <!-- Category Tag -->\r\n                      \r\n                 <!-- Blog Title -->\r\n                 <h3>\r\n                     <a class=\"blog__meta__title\" href=\"https:\/\/canagard.com\/fr\/ai-in-security-cameras-a-new-era-of-surveillance\/\">\r\n                         L&#039;IA dans les cam\u00e9ras de s\u00e9curit\u00e9\u00a0: une nouvelle \u00e8re de surveillance                     <\/a>\r\n                 <\/h3>\r\n     \r\n                 <!-- Author and Date -->\r\n                                      <div class=\"rts__author__meta mt-3\">\r\n                                                                     \r\n                        <div class=\"rts__author__meta__avatar\">\r\n                            <img decoding=\"async\" \r\n                            src=\"https:\/\/secure.gravatar.com\/avatar\/d37e167c798e8629e9816f3133bb491e83e70cd1d96288f4090f31b8558a5155?s=40&#038;d=mm&#038;r=g\" \r\n                            class=\"w-20px circle\" \r\n                            alt=\"admin\">\r\n                            <a class=\"rts__author__meta__link\" href=\"https:\/\/canagard.com\/fr\/author\/admin_vkgx3uu5\/\">\r\n                                administrateur                            <\/a>\r\n                        <\/div>\r\n                                                                <div class=\"rts__author__meta__date\">\r\n                            <i class=\"icofont-ui-calendar me-1\"><\/i>\r\n                            21 janvier 2025                        <\/div>\r\n                                    <\/div>\r\n                            <\/div>\r\n     \r\n             <!-- Blog Excerpt -->\r\n             <div class=\"col-lg-4\">\r\n                 <p class=\"mb-0 blog__meta__excerpt\">\r\n                     Dans le monde actuel, o\u00f9 la technologie \u00e9volue \u00e0 un rythme sans pr\u00e9c\u00e9dent, les cam\u00e9ras de s\u00e9curit\u00e9 intelligentes constituent une innovation majeure dans le domaine de la surveillance. Fini le temps des\u2026                 <\/p>\r\n             <\/div>\r\n     \r\n             <!-- Blog Thumbnail -->\r\n             <div class=\"col-lg-4\">\r\n                <div class=\"blog__meta__thumbnail\">\r\n                                            <img fetchpriority=\"high\" decoding=\"async\" width=\"640\" height=\"427\" src=\"https:\/\/canagard.com\/wp-content\/uploads\/2025\/01\/cc-camera-main.jpg\" class=\"w-100 hover-scale-1-1 wp-post-image\" alt=\"AI in Security Cameras: A New Era of Surveillance\" srcset=\"https:\/\/canagard.com\/wp-content\/uploads\/2025\/01\/cc-camera-main.jpg 1000w, https:\/\/canagard.com\/wp-content\/uploads\/2025\/01\/cc-camera-main-300x200.jpg 300w, https:\/\/canagard.com\/wp-content\/uploads\/2025\/01\/cc-camera-main-768x512.jpg 768w\" sizes=\"(max-width: 640px) 100vw, 640px\" \/>                                        <div class=\"triangle-bottomright-dark\"><\/div>\r\n                <\/div>\r\n             <\/div>\r\n         <\/div>\r\n     <\/div>\r\n <\/div>                            \r\n                  \r\n\t\t\t\t\t<!-- news item begin -->\r\n <div class=\"col-lg-12\">\r\n     <div class=\"rts__border__bottom blog__full__width\">\r\n         <div class=\"row gy-3 gx-5 align-items-center\">\r\n             <!-- Blog Metadata and Title -->\r\n             <div class=\"col-lg-4\">\r\n                 <!-- Category Tag -->\r\n                      \r\n                 <!-- Blog Title -->\r\n                 <h3>\r\n                     <a class=\"blog__meta__title\" href=\"https:\/\/canagard.com\/fr\/how-intelligent-security-cameras-are-redefining-public-safety\/\">\r\n                         Comment les cam\u00e9ras de s\u00e9curit\u00e9 intelligentes red\u00e9finissent la s\u00e9curit\u00e9 publique                     <\/a>\r\n                 <\/h3>\r\n     \r\n                 <!-- Author and Date -->\r\n                                      <div class=\"rts__author__meta mt-3\">\r\n                                                                     \r\n                        <div class=\"rts__author__meta__avatar\">\r\n                            <img decoding=\"async\" \r\n                            src=\"https:\/\/secure.gravatar.com\/avatar\/d37e167c798e8629e9816f3133bb491e83e70cd1d96288f4090f31b8558a5155?s=40&#038;d=mm&#038;r=g\" \r\n                            class=\"w-20px circle\" \r\n                            alt=\"admin\">\r\n                            <a class=\"rts__author__meta__link\" href=\"https:\/\/canagard.com\/fr\/author\/admin_vkgx3uu5\/\">\r\n                                administrateur                            <\/a>\r\n                        <\/div>\r\n                                                                <div class=\"rts__author__meta__date\">\r\n                            <i class=\"icofont-ui-calendar me-1\"><\/i>\r\n                            15 janvier 2025                        <\/div>\r\n                                    <\/div>\r\n                            <\/div>\r\n     \r\n             <!-- Blog Excerpt -->\r\n             <div class=\"col-lg-4\">\r\n                 <p class=\"mb-0 blog__meta__excerpt\">\r\n                     Dans le monde actuel, o\u00f9 la technologie \u00e9volue \u00e0 un rythme sans pr\u00e9c\u00e9dent, les cam\u00e9ras de s\u00e9curit\u00e9 intelligentes constituent une innovation majeure dans le domaine de la surveillance. Fini le temps des\u2026                 <\/p>\r\n             <\/div>\r\n     \r\n             <!-- Blog Thumbnail -->\r\n             <div class=\"col-lg-4\">\r\n                <div class=\"blog__meta__thumbnail\">\r\n                                            <img decoding=\"async\" width=\"640\" height=\"427\" src=\"https:\/\/canagard.com\/wp-content\/uploads\/2024\/12\/blog-post-2.webp\" class=\"w-100 hover-scale-1-1 wp-post-image\" alt=\"How Intelligent Security Cameras are Redefining Public Safety\" srcset=\"https:\/\/canagard.com\/wp-content\/uploads\/2024\/12\/blog-post-2.webp 1000w, https:\/\/canagard.com\/wp-content\/uploads\/2024\/12\/blog-post-2-300x200.webp 300w, https:\/\/canagard.com\/wp-content\/uploads\/2024\/12\/blog-post-2-768x512.webp 768w\" sizes=\"(max-width: 640px) 100vw, 640px\" \/>                                        <div class=\"triangle-bottomright-dark\"><\/div>\r\n                <\/div>\r\n             <\/div>\r\n         <\/div>\r\n     <\/div>\r\n <\/div>                            \r\n                  \r\n\t\t\t\t\t<!-- news item begin -->\r\n <div class=\"col-lg-12\">\r\n     <div class=\"rts__border__bottom blog__full__width\">\r\n         <div class=\"row gy-3 gx-5 align-items-center\">\r\n             <!-- Blog Metadata and Title -->\r\n             <div class=\"col-lg-4\">\r\n                 <!-- Category Tag -->\r\n                      \r\n                 <!-- Blog Title -->\r\n                 <h3>\r\n                     <a class=\"blog__meta__title\" href=\"https:\/\/canagard.com\/fr\/smart-surveillance-systems-transforming-safety-and-monitoring\/\">\r\n                         Syst\u00e8mes de surveillance intelligents\u00a0: transformer la s\u00e9curit\u00e9 et la surveillance                     <\/a>\r\n                 <\/h3>\r\n     \r\n                 <!-- Author and Date -->\r\n                                      <div class=\"rts__author__meta mt-3\">\r\n                                                                     \r\n                        <div class=\"rts__author__meta__avatar\">\r\n                            <img decoding=\"async\" \r\n                            src=\"https:\/\/secure.gravatar.com\/avatar\/d37e167c798e8629e9816f3133bb491e83e70cd1d96288f4090f31b8558a5155?s=40&#038;d=mm&#038;r=g\" \r\n                            class=\"w-20px circle\" \r\n                            alt=\"admin\">\r\n                            <a class=\"rts__author__meta__link\" href=\"https:\/\/canagard.com\/fr\/author\/admin_vkgx3uu5\/\">\r\n                                administrateur                            <\/a>\r\n                        <\/div>\r\n                                                                <div class=\"rts__author__meta__date\">\r\n                            <i class=\"icofont-ui-calendar me-1\"><\/i>\r\n                            15 janvier 2025                        <\/div>\r\n                                    <\/div>\r\n                            <\/div>\r\n     \r\n             <!-- Blog Excerpt -->\r\n             <div class=\"col-lg-4\">\r\n                 <p class=\"mb-0 blog__meta__excerpt\">\r\n                     Dans le monde actuel, o\u00f9 la technologie \u00e9volue \u00e0 un rythme sans pr\u00e9c\u00e9dent, les cam\u00e9ras de s\u00e9curit\u00e9 intelligentes constituent une innovation majeure dans le domaine de la surveillance. Fini le temps des\u2026                 <\/p>\r\n             <\/div>\r\n     \r\n             <!-- Blog Thumbnail -->\r\n             <div class=\"col-lg-4\">\r\n                <div class=\"blog__meta__thumbnail\">\r\n                                            <img decoding=\"async\" width=\"640\" height=\"427\" src=\"https:\/\/canagard.com\/wp-content\/uploads\/2024\/12\/blog-post-3.webp\" class=\"w-100 hover-scale-1-1 wp-post-image\" alt=\"Smart Surveillance Systems: Transforming Safety and Monitoring\" srcset=\"https:\/\/canagard.com\/wp-content\/uploads\/2024\/12\/blog-post-3.webp 1000w, https:\/\/canagard.com\/wp-content\/uploads\/2024\/12\/blog-post-3-300x200.webp 300w, https:\/\/canagard.com\/wp-content\/uploads\/2024\/12\/blog-post-3-768x512.webp 768w\" sizes=\"(max-width: 640px) 100vw, 640px\" \/>                                        <div class=\"triangle-bottomright-dark\"><\/div>\r\n                <\/div>\r\n             <\/div>\r\n         <\/div>\r\n     <\/div>\r\n <\/div>                            \r\n                  \r\n\t\t\t\t\t<!-- news item begin -->\r\n <div class=\"col-lg-12\">\r\n     <div class=\"rts__border__bottom blog__full__width\">\r\n         <div class=\"row gy-3 gx-5 align-items-center\">\r\n             <!-- Blog Metadata and Title -->\r\n             <div class=\"col-lg-4\">\r\n                 <!-- Category Tag -->\r\n                      \r\n                 <!-- Blog Title -->\r\n                 <h3>\r\n                     <a class=\"blog__meta__title\" href=\"https:\/\/canagard.com\/fr\/the-next-generation-of-home-security-smart-camera-innovations\/\">\r\n                         La nouvelle g\u00e9n\u00e9ration de s\u00e9curit\u00e9 domestique\u00a0: innovations en mati\u00e8re de cam\u00e9ras intelligentes                     <\/a>\r\n                 <\/h3>\r\n     \r\n                 <!-- Author and Date -->\r\n                                      <div class=\"rts__author__meta mt-3\">\r\n                                                                     \r\n                        <div class=\"rts__author__meta__avatar\">\r\n                            <img decoding=\"async\" \r\n                            src=\"https:\/\/secure.gravatar.com\/avatar\/d37e167c798e8629e9816f3133bb491e83e70cd1d96288f4090f31b8558a5155?s=40&#038;d=mm&#038;r=g\" \r\n                            class=\"w-20px circle\" \r\n                            alt=\"admin\">\r\n                            <a class=\"rts__author__meta__link\" href=\"https:\/\/canagard.com\/fr\/author\/admin_vkgx3uu5\/\">\r\n                                administrateur                            <\/a>\r\n                        <\/div>\r\n                                                                <div class=\"rts__author__meta__date\">\r\n                            <i class=\"icofont-ui-calendar me-1\"><\/i>\r\n                            15 janvier 2025                        <\/div>\r\n                                    <\/div>\r\n                            <\/div>\r\n     \r\n             <!-- Blog Excerpt -->\r\n             <div class=\"col-lg-4\">\r\n                 <p class=\"mb-0 blog__meta__excerpt\">\r\n                     Dans le monde actuel, o\u00f9 la technologie \u00e9volue \u00e0 un rythme sans pr\u00e9c\u00e9dent, les cam\u00e9ras de s\u00e9curit\u00e9 intelligentes constituent une innovation majeure dans le domaine de la surveillance. Fini le temps des\u2026                 <\/p>\r\n             <\/div>\r\n     \r\n             <!-- Blog Thumbnail -->\r\n             <div class=\"col-lg-4\">\r\n                <div class=\"blog__meta__thumbnail\">\r\n                                            <img loading=\"lazy\" decoding=\"async\" width=\"640\" height=\"427\" src=\"https:\/\/canagard.com\/wp-content\/uploads\/2024\/12\/blog-post-3.webp\" class=\"w-100 hover-scale-1-1 wp-post-image\" alt=\"The Next Generation of Home Security: Smart Camera Innovations\" srcset=\"https:\/\/canagard.com\/wp-content\/uploads\/2024\/12\/blog-post-3.webp 1000w, https:\/\/canagard.com\/wp-content\/uploads\/2024\/12\/blog-post-3-300x200.webp 300w, https:\/\/canagard.com\/wp-content\/uploads\/2024\/12\/blog-post-3-768x512.webp 768w\" sizes=\"(max-width: 640px) 100vw, 640px\" \/>                                        <div class=\"triangle-bottomright-dark\"><\/div>\r\n                <\/div>\r\n             <\/div>\r\n         <\/div>\r\n     <\/div>\r\n <\/div>                            \r\n                  \r\n\t\t\t\t\t                 \r\n                         \r\n                <\/div>   \r\n                               \r\n            \t    \r\n                \t\t\t\t<div class=\"reactheme-pagination-area\">\r\n                    <div class=\"nav-links\"><span aria-current=\"page\" class=\"page-numbers current\">1<\/span>\n<a class=\"page-numbers\" href=\"https:\/\/canagard.com\/fr\/wp-json\/wp\/v2\/pages\/29\/page\/2\/\">2<\/a>\n<a class=\"page-numbers\" href=\"https:\/\/canagard.com\/fr\/wp-json\/wp\/v2\/pages\/29\/page\/3\/\">3<\/a>\n<a class=\"next page-numbers\" href=\"https:\/\/canagard.com\/fr\/wp-json\/wp\/v2\/pages\/29\/page\/2\/\">Suivant &raquo;<\/a><\/div>\r\n                <\/div>\r\n\t\t\t              \r\n\t\t<\/div>\r\n\t   \t\t\t\t<\/div>\n\t\t\t\t<\/div>\n\t\t\t\t\t<\/div>\n\t\t\t\t<\/div>\n\t\t\t\t<\/div>","protected":false},"excerpt":{"rendered":"<p>Stay Updated Our Blog Home AI in Security Cameras: A New Era of Surveillance admin 21 Jan 2025 In today\u2019s world, where technology evolves at an unprecedented pace, smart security cameras have emerged as a pivotal innovation in the realm of surveillance. Gone are the days of&#8230; How Intelligent Security Cameras are Redefining Public Safety&#8230;<\/p>","protected":false},"author":1,"featured_media":0,"parent":0,"menu_order":0,"comment_status":"closed","ping_status":"closed","template":"elementor_header_footer","meta":{"_monsterinsights_skip_tracking":false,"_monsterinsights_sitenote_active":false,"_monsterinsights_sitenote_note":"","_monsterinsights_sitenote_category":0,"footnotes":""},"class_list":["post-29","page","type-page","status-publish","hentry"],"yoast_head":"<!-- This site is optimized with the Yoast SEO plugin v25.2 - https:\/\/yoast.com\/wordpress\/plugins\/seo\/ -->\n<title>Blog - Canagard<\/title>\n<meta name=\"robots\" content=\"index, follow, max-snippet:-1, max-image-preview:large, max-video-preview:-1\" \/>\n<link rel=\"canonical\" href=\"https:\/\/canagard.com\/fr\/blog\/\" \/>\n<meta property=\"og:locale\" content=\"fr_CA\" \/>\n<meta property=\"og:type\" content=\"article\" \/>\n<meta property=\"og:title\" content=\"Blog - Canagard\" \/>\n<meta property=\"og:description\" content=\"Stay Updated Our Blog Home AI in Security Cameras: A New Era of Surveillance admin 21 Jan 2025 In today\u2019s world, where technology evolves at an unprecedented pace, smart security cameras have emerged as a pivotal innovation in the realm of surveillance. Gone are the days of&#8230; How Intelligent Security Cameras are Redefining Public Safety...\" \/>\n<meta property=\"og:url\" content=\"https:\/\/canagard.com\/fr\/blog\/\" \/>\n<meta property=\"og:site_name\" content=\"Canagard\" \/>\n<meta property=\"article:modified_time\" content=\"2025-04-22T16:18:16+00:00\" \/>\n<meta property=\"og:image\" content=\"https:\/\/secure.gravatar.com\/avatar\/d37e167c798e8629e9816f3133bb491e83e70cd1d96288f4090f31b8558a5155?s=40&#038;d=mm&#038;r=g\" \/>\n<meta name=\"twitter:card\" content=\"summary_large_image\" \/>\n<meta name=\"twitter:label1\" content=\"Estimation du temps de lecture\" \/>\n\t<meta name=\"twitter:data1\" content=\"1 minute\" \/>\n<script type=\"application\/ld+json\" class=\"yoast-schema-graph\">{\"@context\":\"https:\/\/schema.org\",\"@graph\":[{\"@type\":\"WebPage\",\"@id\":\"https:\/\/canagard.com\/blog\/\",\"url\":\"https:\/\/canagard.com\/blog\/\",\"name\":\"Blog - Canagard\",\"isPartOf\":{\"@id\":\"https:\/\/canagard.com\/#website\"},\"primaryImageOfPage\":{\"@id\":\"https:\/\/canagard.com\/blog\/#primaryimage\"},\"image\":{\"@id\":\"https:\/\/canagard.com\/blog\/#primaryimage\"},\"thumbnailUrl\":\"https:\/\/secure.gravatar.com\/avatar\/d37e167c798e8629e9816f3133bb491e83e70cd1d96288f4090f31b8558a5155?s=40&#038;d=mm&#038;r=g\",\"datePublished\":\"2024-12-24T04:18:33+00:00\",\"dateModified\":\"2025-04-22T16:18:16+00:00\",\"breadcrumb\":{\"@id\":\"https:\/\/canagard.com\/blog\/#breadcrumb\"},\"inLanguage\":\"fr-CA\",\"potentialAction\":[{\"@type\":\"ReadAction\",\"target\":[\"https:\/\/canagard.com\/blog\/\"]}]},{\"@type\":\"ImageObject\",\"inLanguage\":\"fr-CA\",\"@id\":\"https:\/\/canagard.com\/blog\/#primaryimage\",\"url\":\"https:\/\/secure.gravatar.com\/avatar\/d37e167c798e8629e9816f3133bb491e83e70cd1d96288f4090f31b8558a5155?s=40&#038;d=mm&#038;r=g\",\"contentUrl\":\"https:\/\/secure.gravatar.com\/avatar\/d37e167c798e8629e9816f3133bb491e83e70cd1d96288f4090f31b8558a5155?s=40&#038;d=mm&#038;r=g\"},{\"@type\":\"BreadcrumbList\",\"@id\":\"https:\/\/canagard.com\/blog\/#breadcrumb\",\"itemListElement\":[{\"@type\":\"ListItem\",\"position\":1,\"name\":\"Home\",\"item\":\"https:\/\/canagard.com\/\"},{\"@type\":\"ListItem\",\"position\":2,\"name\":\"Blog\"}]},{\"@type\":\"WebSite\",\"@id\":\"https:\/\/canagard.com\/#website\",\"url\":\"https:\/\/canagard.com\/\",\"name\":\"Canagard\",\"description\":\"Always watching. Always protecting.\",\"publisher\":{\"@id\":\"https:\/\/canagard.com\/#organization\"},\"potentialAction\":[{\"@type\":\"SearchAction\",\"target\":{\"@type\":\"EntryPoint\",\"urlTemplate\":\"https:\/\/canagard.com\/?s={search_term_string}\"},\"query-input\":{\"@type\":\"PropertyValueSpecification\",\"valueRequired\":true,\"valueName\":\"search_term_string\"}}],\"inLanguage\":\"fr-CA\"},{\"@type\":\"Organization\",\"@id\":\"https:\/\/canagard.com\/#organization\",\"name\":\"Canagard\",\"url\":\"https:\/\/canagard.com\/\",\"logo\":{\"@type\":\"ImageObject\",\"inLanguage\":\"fr-CA\",\"@id\":\"https:\/\/canagard.com\/#\/schema\/logo\/image\/\",\"url\":\"https:\/\/canagard.com\/wp-content\/uploads\/2024\/12\/canagard-logo-light.png\",\"contentUrl\":\"https:\/\/canagard.com\/wp-content\/uploads\/2024\/12\/canagard-logo-light.png\",\"width\":1080,\"height\":300,\"caption\":\"Canagard\"},\"image\":{\"@id\":\"https:\/\/canagard.com\/#\/schema\/logo\/image\/\"}}]}<\/script>\n<!-- \/ Yoast SEO plugin. -->","yoast_head_json":{"title":"Blog - Canagard","robots":{"index":"index","follow":"follow","max-snippet":"max-snippet:-1","max-image-preview":"max-image-preview:large","max-video-preview":"max-video-preview:-1"},"canonical":"https:\/\/canagard.com\/fr\/blog\/","og_locale":"fr_CA","og_type":"article","og_title":"Blog - Canagard","og_description":"Stay Updated Our Blog Home AI in Security Cameras: A New Era of Surveillance admin 21 Jan 2025 In today\u2019s world, where technology evolves at an unprecedented pace, smart security cameras have emerged as a pivotal innovation in the realm of surveillance. Gone are the days of&#8230; How Intelligent Security Cameras are Redefining Public Safety...","og_url":"https:\/\/canagard.com\/fr\/blog\/","og_site_name":"Canagard","article_modified_time":"2025-04-22T16:18:16+00:00","og_image":[{"url":"https:\/\/secure.gravatar.com\/avatar\/d37e167c798e8629e9816f3133bb491e83e70cd1d96288f4090f31b8558a5155?s=40&#038;d=mm&#038;r=g","type":"","width":"","height":""}],"twitter_card":"summary_large_image","twitter_misc":{"Estimation du temps de lecture":"1 minute"},"schema":{"@context":"https:\/\/schema.org","@graph":[{"@type":"WebPage","@id":"https:\/\/canagard.com\/blog\/","url":"https:\/\/canagard.com\/blog\/","name":"Blog - Canagard","isPartOf":{"@id":"https:\/\/canagard.com\/#website"},"primaryImageOfPage":{"@id":"https:\/\/canagard.com\/blog\/#primaryimage"},"image":{"@id":"https:\/\/canagard.com\/blog\/#primaryimage"},"thumbnailUrl":"https:\/\/secure.gravatar.com\/avatar\/d37e167c798e8629e9816f3133bb491e83e70cd1d96288f4090f31b8558a5155?s=40&#038;d=mm&#038;r=g","datePublished":"2024-12-24T04:18:33+00:00","dateModified":"2025-04-22T16:18:16+00:00","breadcrumb":{"@id":"https:\/\/canagard.com\/blog\/#breadcrumb"},"inLanguage":"fr-CA","potentialAction":[{"@type":"ReadAction","target":["https:\/\/canagard.com\/blog\/"]}]},{"@type":"ImageObject","inLanguage":"fr-CA","@id":"https:\/\/canagard.com\/blog\/#primaryimage","url":"https:\/\/secure.gravatar.com\/avatar\/d37e167c798e8629e9816f3133bb491e83e70cd1d96288f4090f31b8558a5155?s=40&#038;d=mm&#038;r=g","contentUrl":"https:\/\/secure.gravatar.com\/avatar\/d37e167c798e8629e9816f3133bb491e83e70cd1d96288f4090f31b8558a5155?s=40&#038;d=mm&#038;r=g"},{"@type":"BreadcrumbList","@id":"https:\/\/canagard.com\/blog\/#breadcrumb","itemListElement":[{"@type":"ListItem","position":1,"name":"Home","item":"https:\/\/canagard.com\/"},{"@type":"ListItem","position":2,"name":"Blog"}]},{"@type":"WebSite","@id":"https:\/\/canagard.com\/#website","url":"https:\/\/canagard.com\/","name":"Canagard","description":"Always watching. Always protecting.","publisher":{"@id":"https:\/\/canagard.com\/#organization"},"potentialAction":[{"@type":"SearchAction","target":{"@type":"EntryPoint","urlTemplate":"https:\/\/canagard.com\/?s={search_term_string}"},"query-input":{"@type":"PropertyValueSpecification","valueRequired":true,"valueName":"search_term_string"}}],"inLanguage":"fr-CA"},{"@type":"Organization","@id":"https:\/\/canagard.com\/#organization","name":"Canagard","url":"https:\/\/canagard.com\/","logo":{"@type":"ImageObject","inLanguage":"fr-CA","@id":"https:\/\/canagard.com\/#\/schema\/logo\/image\/","url":"https:\/\/canagard.com\/wp-content\/uploads\/2024\/12\/canagard-logo-light.png","contentUrl":"https:\/\/canagard.com\/wp-content\/uploads\/2024\/12\/canagard-logo-light.png","width":1080,"height":300,"caption":"Canagard"},"image":{"@id":"https:\/\/canagard.com\/#\/schema\/logo\/image\/"}}]}},"_links":{"self":[{"href":"https:\/\/canagard.com\/fr\/wp-json\/wp\/v2\/pages\/29","targetHints":{"allow":["GET"]}}],"collection":[{"href":"https:\/\/canagard.com\/fr\/wp-json\/wp\/v2\/pages"}],"about":[{"href":"https:\/\/canagard.com\/fr\/wp-json\/wp\/v2\/types\/page"}],"author":[{"embeddable":true,"href":"https:\/\/canagard.com\/fr\/wp-json\/wp\/v2\/users\/1"}],"replies":[{"embeddable":true,"href":"https:\/\/canagard.com\/fr\/wp-json\/wp\/v2\/comments?post=29"}],"version-history":[{"count":14,"href":"https:\/\/canagard.com\/fr\/wp-json\/wp\/v2\/pages\/29\/revisions"}],"predecessor-version":[{"id":3766,"href":"https:\/\/canagard.com\/fr\/wp-json\/wp\/v2\/pages\/29\/revisions\/3766"}],"wp:attachment":[{"href":"https:\/\/canagard.com\/fr\/wp-json\/wp\/v2\/media?parent=29"}],"curies":[{"name":"wp","href":"https:\/\/api.w.org\/{rel}","templated":true}]}}